{"id":3,"date":"2021-02-04T16:24:41","date_gmt":"2021-02-04T16:24:41","guid":{"rendered":"https:\/\/duoh.shop\/fitnessworld\/?page_id=3"},"modified":"2023-11-23T08:19:07","modified_gmt":"2023-11-23T08:19:07","slug":"privacy-policy","status":"publish","type":"page","link":"https:\/\/fitness-world.info\/?page_id=3","title":{"rendered":"Impressum"},"content":{"rendered":"\t\t<div data-elementor-type=\"wp-page\" data-elementor-id=\"3\" class=\"elementor elementor-3\">\n\t\t\t\t\t\t\t\t\t<section class=\"elementor-section elementor-top-section elementor-element elementor-element-52d27e02 elementor-section-boxed elementor-section-height-default elementor-section-height-default\" data-id=\"52d27e02\" data-element_type=\"section\" data-settings=\"{&quot;background_background&quot;:&quot;classic&quot;}\">\n\t\t\t\t\t\t<div class=\"elementor-container elementor-column-gap-default\">\n\t\t\t\t\t<div class=\"elementor-column elementor-col-66 elementor-top-column elementor-element elementor-element-15907a83\" data-id=\"15907a83\" data-element_type=\"column\">\n\t\t\t<div class=\"elementor-widget-wrap elementor-element-populated\">\n\t\t\t\t\t\t\t\t<div class=\"elementor-element elementor-element-1383a4e2 elementor-widget elementor-widget-heading\" data-id=\"1383a4e2\" data-element_type=\"widget\" data-widget_type=\"heading.default\">\n\t\t\t\t<div class=\"elementor-widget-container\">\n\t\t\t<h3 class=\"elementor-heading-title elementor-size-default\">Impressum<\/h3>\t\t<\/div>\n\t\t\t\t<\/div>\n\t\t\t\t<div class=\"elementor-element elementor-element-3470d26b elementor-widget-divider--view-line elementor-widget elementor-widget-divider\" data-id=\"3470d26b\" data-element_type=\"widget\" data-widget_type=\"divider.default\">\n\t\t\t\t<div class=\"elementor-widget-container\">\n\t\t\t\t\t<div class=\"elementor-divider\">\n\t\t\t<span class=\"elementor-divider-separator\">\n\t\t\t\t\t\t<\/span>\n\t\t<\/div>\n\t\t\t\t<\/div>\n\t\t\t\t<\/div>\n\t\t\t\t<div class=\"elementor-element elementor-element-22b024eb elementor-widget elementor-widget-text-editor\" data-id=\"22b024eb\" data-element_type=\"widget\" data-widget_type=\"text-editor.default\">\n\t\t\t\t<div class=\"elementor-widget-container\">\n\t\t\t\t\t\t\t<p>Fitness World GmbH<br \/>Inhaber: Michaela Faller<br \/>Raiffeisenstr. 4<br \/>86720 N\u00f6rdlingen<\/p>\n<p><!-- \/wp:paragraph --><\/p>\n<p><!-- wp:paragraph --><\/p>\n<p>Tel. 09081 \/ 8 89 15<br \/>Fax 09081 \/ 8 89 17<\/p>\n<p><!-- \/wp:paragraph --><\/p>\n<p><!-- wp:paragraph --><\/p>\n<p><span style=\"color: #abc502;\"><a style=\"color: #abc502;\" href=\"mailto:e-m@il\">e-m@il<\/a>:\u00a0<span style=\"color: #555555;\"><a style=\"color: #555555;\">fitness-world-noe(at)freenet(dot)de<\/a><\/span><\/span><br \/>Internet:<span style=\"color: #abc502;\">\u00a0<a style=\"color: #abc502;\" href=\"https:\/\/fitness-world.info\/\/\">https:\/\/fitness-world.info<\/a><\/span><\/p>\n<p><!-- \/wp:paragraph --><\/p>\n<p><!-- wp:paragraph --><\/p>\n<p>Registergericht Augsburg<br \/>HRB 18871<br \/>Haftungsausschluss<\/p>\n<p><strong>Realisierung, Gestaltung, Programmierung:<\/strong><br \/>DUOH Kreativb\u00fcro<\/p>\n<p><img loading=\"lazy\" decoding=\"async\" class=\"alignnone wp-image-1811 size-thumbnail\" src=\"https:\/\/fitness-world.info\/wp-content\/uploads\/2023\/11\/DUOH_Kreativbuero_Logo_quadratisch-150x150.jpg\" alt=\"\" width=\"150\" height=\"150\" srcset=\"https:\/\/fitness-world.info\/wp-content\/uploads\/2023\/11\/DUOH_Kreativbuero_Logo_quadratisch-150x150.jpg 150w, https:\/\/fitness-world.info\/wp-content\/uploads\/2023\/11\/DUOH_Kreativbuero_Logo_quadratisch-300x300.jpg 300w, https:\/\/fitness-world.info\/wp-content\/uploads\/2023\/11\/DUOH_Kreativbuero_Logo_quadratisch-1024x1024.jpg 1024w, https:\/\/fitness-world.info\/wp-content\/uploads\/2023\/11\/DUOH_Kreativbuero_Logo_quadratisch-768x768.jpg 768w, https:\/\/fitness-world.info\/wp-content\/uploads\/2023\/11\/DUOH_Kreativbuero_Logo_quadratisch-600x600.jpg 600w, https:\/\/fitness-world.info\/wp-content\/uploads\/2023\/11\/DUOH_Kreativbuero_Logo_quadratisch-100x100.jpg 100w, https:\/\/fitness-world.info\/wp-content\/uploads\/2023\/11\/DUOH_Kreativbuero_Logo_quadratisch.jpg 1080w\" sizes=\"auto, (max-width: 150px) 100vw, 150px\" \/><\/p>\n<p>Wir bedanken und f\u00fcr die Umsetzung unserer Webseite bei unserem Partner <span style=\"color: #000000;\"><strong><a style=\"color: #000000;\" href=\"https:\/\/duoh.net\">DUOH Kreativb\u00fcro GmbH<\/a><\/strong><\/span> der Marketing Agentur aus Aalen, Augsburg und M\u00fcnchen.<\/p>\n<p><span style=\"color: #abc502;\"><a style=\"color: #abc502;\" href=\"mailto:e-m@il\">e-m@il<\/a>:\u00a0<span style=\"color: #555555;\"><a style=\"color: #555555;\">info(at)duoh(dot)net<\/a><\/span><\/span><br \/>Internet:<span style=\"color: #abc502;\">\u00a0<a style=\"color: #abc502;\" href=\"https:\/\/www.duoh.net\">w<\/a>ww.duoh.net<\/span><\/p>\n<p><!-- \/wp:paragraph --><\/p>\n<p><!-- wp:paragraph --><\/p>\n<p>1. Inhalt des Onlineangebotes<\/p>\n<p><!-- \/wp:paragraph --><\/p>\n<p><!-- wp:paragraph --><\/p>\n<p>Der Autor \u00fcbernimmt keinerlei Gew\u00e4hr f\u00fcr die Aktualit\u00e4t, Korrektheit,<br \/>Vollst\u00e4ndigkeit oder Qualit\u00e4t der bereitgestellten Informationen.<br \/>Haftungsanspr\u00fcche gegen den Autor, welche sich auf Sch\u00e4den materieller<br \/>oder ideeller Art beziehen, die durch die Nutzung oder Nichtnutzung der<br \/>dargebotenen Informationen bzw. durch die Nutzung fehlerhafter und<br \/>unvollst\u00e4ndiger Informationen verursacht wurden sind grunds\u00e4tzlich<br \/>ausgeschlossen, sofern seitens des Autors kein nachweislich<br \/>vors\u00e4tzliches oder grob fahrl\u00e4ssiges Verschulden vorliegt.<br \/>Alle Angebote sind freibleibend und unverbindlich. Der Autor beh\u00e4lt es<br \/>sich ausdr\u00fccklich vor, Teile der Seiten oder das gesamte Angebot ohne<br \/>gesonderte Ank\u00fcndigung zu ver\u00e4ndern, zu erg\u00e4nzen, zu l\u00f6schen oder die<br \/>Ver\u00f6ffentlichung zeitweise oder endg\u00fcltig einzustellen.<\/p>\n<p><!-- \/wp:paragraph --><\/p>\n<p><!-- wp:paragraph --><\/p>\n<p>\u00a0<\/p>\n<p>2. Verweise und Links<\/p>\n<p><!-- \/wp:paragraph --><\/p>\n<p><!-- wp:paragraph --><\/p>\n<p>Bei direkten oder indirekten Verweisen auf fremde Internetseiten<br \/>(\u201eLinks\u201c), die au\u00dferhalb des Verantwortungsbereiches des Autors liegen,<br \/>w\u00fcrde eine Haftungsverpflichtung ausschlie\u00dflich in dem Fall in Kraft<br \/>treten, in dem der Autor von den Inhalten Kenntnis hat und es ihm<br \/>technisch m\u00f6glich und zumutbar w\u00e4re, die Nutzung im Falle rechtswidriger<br \/>Inhalte zu verhindern.<br \/>Der Autor erkl\u00e4rt daher ausdr\u00fccklich, dass zum Zeitpunkt der Linksetzung<br \/>die entsprechenden verlinkten Seiten frei von illegalen Inhalten waren.<br \/>Der Autor hat keinerlei Einfluss auf die aktuelle und zuk\u00fcnftige<br \/>Gestaltung und auf die Inhalte der gelinkten\/verkn\u00fcpften Seiten. Deshalb<br \/>distanziert er sich hiermit ausdr\u00fccklich von allen Inhalten aller<br \/>gelinkten \/verkn\u00fcpften Seiten, die nach der Linksetzung ver\u00e4ndert<br \/>wurden. Diese Feststellung gilt f\u00fcr alle innerhalb des eigenen<br \/>Internetangebotes gesetzten Links und Verweise sowie f\u00fcr Fremdeintr\u00e4ge<br \/>in vom Autor eingerichteten G\u00e4steb\u00fcchern, Diskussionsforen und<br \/>Mailinglisten. F\u00fcr illegale, fehlerhafte oder unvollst\u00e4ndige Inhalte und<br \/>insbesondere f\u00fcr Sch\u00e4den, die aus der Nutzung oder Nichtnutzung<br \/>solcherart dargebotener Informationen entstehen, haftet allein der<br \/>Anbieter der Seite, auf welche verwiesen wurde, nicht derjenige, der<br \/>\u00fcber Links auf die jeweilige Ver\u00f6ffentlichung lediglich verweist.<\/p>\n<p><!-- \/wp:paragraph --><\/p>\n<p><!-- wp:paragraph --><\/p>\n<p>\u00a0<\/p>\n<p>3. Urheber- und Kennzeichenrecht<\/p>\n<p><!-- \/wp:paragraph --><\/p>\n<p><!-- wp:paragraph --><\/p>\n<p>Der Autor ist bestrebt, in allen Publikationen die Urheberrechte der<br \/>verwendeten Grafiken, Tondokumente, Videosequenzen und Texte zu<br \/>beachten, von ihm selbst erstellte Grafiken, Tondokumente,<br \/>Videosequenzen und Texte zu nutzen oder auf lizenzfreie Grafiken,<br \/>Tondokumente, Videosequenzen und Texte zur\u00fcckzugreifen.<br \/>Alle innerhalb des Internetangebotes genannten und ggf. durch Dritte<br \/>gesch\u00fctzten Marken- und Warenzeichen unterliegen uneingeschr\u00e4nkt den<br \/>Bestimmungen des jeweils g\u00fcltigen Kennzeichenrechts und den<br \/>Besitzrechten der jeweiligen eingetragenen Eigent\u00fcmer. Allein aufgrund<br \/>der blo\u00dfen Nennung ist nicht der Schlu\u00df zu ziehen, dass Markenzeichen<br \/>nicht durch Rechte Dritter gesch\u00fctzt sind!<br \/>Das Copyright f\u00fcr ver\u00f6ffentlichte, vom Autor selbst erstellte Objekte<br \/>bleibt allein beim Autor der Seiten. Eine Vervielf\u00e4ltigung oder<br \/>Verwendung solcher Grafiken, Tondokumente, Videosequenzen und Texte in<br \/>anderen elektronischen oder gedruckten Publikationen ist ohne<br \/>ausdr\u00fcckliche Zustimmung des Autors nicht gestattet.<\/p>\n<p><!-- \/wp:paragraph --><\/p>\n<p><!-- wp:paragraph --><\/p>\n<p>\u00a0<\/p>\n<p>4. Datenschutz<\/p>\n<p><!-- \/wp:paragraph --><\/p>\n<p><!-- wp:paragraph --><\/p>\n<p>Sofern innerhalb des Internetangebotes die M\u00f6glichkeit zur Eingabe<br \/>pers\u00f6nlicher oder gesch\u00e4ftlicher Daten (Emailadressen, Namen,<br \/>Anschriften) besteht, so erfolgt die Preisgabe dieser Daten seitens des<br \/>Nutzers auf ausdr\u00fccklich freiwilliger Basis. Die Inanspruchnahme und<br \/>Bezahlung aller angebotenen Dienste ist \u2013 soweit technisch m\u00f6glich und<br \/>zumutbar \u2013 auch ohne Angabe solcher Daten bzw. unter Angabe<br \/>anonymisierter Daten oder eines Pseudonyms gestattet.<\/p>\n<p><!-- \/wp:paragraph --><\/p>\n<p><!-- wp:paragraph --><\/p>\n<p>\u00a0<\/p>\n<p>5. Rechtswirksamkeit dieses Haftungsausschlusses<\/p>\n<p>Dieser Haftungsausschluss ist als Teil des Internetangebotes zu<br \/>betrachten, von dem aus auf diese Seite verwiesen wurde. Sofern Teile<br \/>oder einzelne Formulierungen dieses Textes der geltenden Rechtslage<br \/>nicht, nicht mehr oder nicht vollst\u00e4ndig entsprechen sollten, bleiben<br \/>die \u00fcbrigen Teile des Dokumentes in ihrem Inhalt und ihrer G\u00fcltigkeit<br \/>davon unber\u00fchrt.\u00a0<\/p>\t\t\t\t\t\t<\/div>\n\t\t\t\t<\/div>\n\t\t\t\t<div class=\"elementor-element elementor-element-4ccd5075 elementor-widget elementor-widget-spacer\" data-id=\"4ccd5075\" data-element_type=\"widget\" data-widget_type=\"spacer.default\">\n\t\t\t\t<div class=\"elementor-widget-container\">\n\t\t\t\t\t<div class=\"elementor-spacer\">\n\t\t\t<div class=\"elementor-spacer-inner\"><\/div>\n\t\t<\/div>\n\t\t\t\t<\/div>\n\t\t\t\t<\/div>\n\t\t\t\t\t<\/div>\n\t\t<\/div>\n\t\t\t\t<div class=\"elementor-column elementor-col-33 elementor-top-column elementor-element elementor-element-1092c1a3\" data-id=\"1092c1a3\" data-element_type=\"column\" data-settings=\"{&quot;background_background&quot;:&quot;classic&quot;}\">\n\t\t\t<div class=\"elementor-widget-wrap\">\n\t\t\t\t\t\t\t\t\t<\/div>\n\t\t<\/div>\n\t\t\t\t\t\t\t<\/div>\n\t\t<\/section>\n\t\t\t\t\t\t\t<\/div>\n\t\t","protected":false},"excerpt":{"rendered":"<p>Impressum Fitness World GmbHInhaber: Michaela FallerRaiffeisenstr. 486720 N\u00f6rdlingen Tel. 09081 \/ 8 89 15Fax 09081 \/ 8 89 17 e-m@il:\u00a0fitness-world-noe(at)freenet(dot)deInternet:\u00a0https:\/\/fitness-world.info Registergericht AugsburgHRB 18871Haftungsausschluss Realisierung, Gestaltung, Programmierung:DUOH Kreativb\u00fcro Wir bedanken und f\u00fcr die Umsetzung unserer Webseite bei unserem Partner DUOH Kreativb\u00fcro GmbH der Marketing Agentur aus Aalen, Augsburg und M\u00fcnchen. e-m@il:\u00a0info(at)duoh(dot)netInternet:\u00a0www.duoh.net 1. Inhalt des Onlineangebotes Der [&hellip;]<\/p>\n","protected":false},"author":1,"featured_media":0,"parent":0,"menu_order":0,"comment_status":"closed","ping_status":"closed","template":"","meta":{"footnotes":""},"class_list":["post-3","page","type-page","status-publish","hentry","entry","owp-thumbs-layout-horizontal","owp-btn-normal","owp-tabs-layout-horizontal","has-no-thumbnails","has-product-nav"],"aioseo_notices":[],"_links":{"self":[{"href":"https:\/\/fitness-world.info\/index.php?rest_route=\/wp\/v2\/pages\/3","targetHints":{"allow":["GET"]}}],"collection":[{"href":"https:\/\/fitness-world.info\/index.php?rest_route=\/wp\/v2\/pages"}],"about":[{"href":"https:\/\/fitness-world.info\/index.php?rest_route=\/wp\/v2\/types\/page"}],"author":[{"embeddable":true,"href":"https:\/\/fitness-world.info\/index.php?rest_route=\/wp\/v2\/users\/1"}],"replies":[{"embeddable":true,"href":"https:\/\/fitness-world.info\/index.php?rest_route=%2Fwp%2Fv2%2Fcomments&post=3"}],"version-history":[{"count":41,"href":"https:\/\/fitness-world.info\/index.php?rest_route=\/wp\/v2\/pages\/3\/revisions"}],"predecessor-version":[{"id":1817,"href":"https:\/\/fitness-world.info\/index.php?rest_route=\/wp\/v2\/pages\/3\/revisions\/1817"}],"wp:attachment":[{"href":"https:\/\/fitness-world.info\/index.php?rest_route=%2Fwp%2Fv2%2Fmedia&parent=3"}],"curies":[{"name":"wp","href":"https:\/\/api.w.org\/{rel}","templated":true}]}}