{"id":49,"date":"2021-02-05T09:57:54","date_gmt":"2021-02-05T09:57:54","guid":{"rendered":"https:\/\/duoh.shop\/fitnessworld\/?page_id=49"},"modified":"2021-03-12T17:04:06","modified_gmt":"2021-03-12T17:04:06","slug":"innovationen","status":"publish","type":"page","link":"https:\/\/fitness-world.info\/?page_id=49","title":{"rendered":"Innovationen"},"content":{"rendered":"\t\t<div data-elementor-type=\"wp-page\" data-elementor-id=\"49\" class=\"elementor elementor-49\">\n\t\t\t\t\t\t\t\t\t<section class=\"elementor-section elementor-top-section elementor-element elementor-element-3f6193c9 elementor-hidden-phone elementor-section-boxed elementor-section-height-default elementor-section-height-default\" data-id=\"3f6193c9\" data-element_type=\"section\">\n\t\t\t\t\t\t<div class=\"elementor-container elementor-column-gap-no\">\n\t\t\t\t\t<div class=\"elementor-column elementor-col-100 elementor-top-column elementor-element elementor-element-2dafb986\" data-id=\"2dafb986\" data-element_type=\"column\">\n\t\t\t<div class=\"elementor-widget-wrap elementor-element-populated\">\n\t\t\t\t\t\t\t\t<div class=\"elementor-element elementor-element-79dfd880 elementor-widget elementor-widget-image-carousel\" data-id=\"79dfd880\" data-element_type=\"widget\" data-settings=\"{&quot;slides_to_show&quot;:&quot;1&quot;,&quot;navigation&quot;:&quot;none&quot;,&quot;autoplay_speed&quot;:4000,&quot;autoplay&quot;:&quot;yes&quot;,&quot;pause_on_hover&quot;:&quot;yes&quot;,&quot;pause_on_interaction&quot;:&quot;yes&quot;,&quot;infinite&quot;:&quot;yes&quot;,&quot;effect&quot;:&quot;slide&quot;,&quot;speed&quot;:500}\" data-widget_type=\"image-carousel.default\">\n\t\t\t\t<div class=\"elementor-widget-container\">\n\t\t\t\t\t<div class=\"elementor-image-carousel-wrapper swiper-container\" dir=\"ltr\">\n\t\t\t<div class=\"elementor-image-carousel swiper-wrapper\">\n\t\t\t\t\t\t\t\t<div class=\"swiper-slide\"><figure class=\"swiper-slide-inner\"><img decoding=\"async\" class=\"swiper-slide-image\" src=\"https:\/\/fitness-world.info\/wp-content\/uploads\/2021\/02\/DSC00299_22-7-scaled.jpg\" alt=\"Fitness World 2013\" \/><\/figure><\/div><div class=\"swiper-slide\"><figure class=\"swiper-slide-inner\"><img decoding=\"async\" class=\"swiper-slide-image\" src=\"https:\/\/fitness-world.info\/wp-content\/uploads\/2021\/02\/FitnessWorld_290314_09_22-7-scaled.jpg\" alt=\"FitnessWorld_290314_09_22-7\" \/><\/figure><\/div><div class=\"swiper-slide\"><figure class=\"swiper-slide-inner\"><img decoding=\"async\" class=\"swiper-slide-image\" src=\"https:\/\/fitness-world.info\/wp-content\/uploads\/2021\/02\/FitnessWorld_290314_33_22-7-scaled.jpg\" alt=\"FitnessWorld_290314_33_22-7\" \/><\/figure><\/div><div class=\"swiper-slide\"><figure class=\"swiper-slide-inner\"><img decoding=\"async\" class=\"swiper-slide-image\" src=\"https:\/\/fitness-world.info\/wp-content\/uploads\/2021\/02\/FitnessWorld_290314_32_22-7-scaled.jpg\" alt=\"FitnessWorld_290314_32_22-7\" \/><\/figure><\/div>\t\t\t<\/div>\n\t\t\t\t\t\t\t\t\t\t\t\t\t\t\t\t<\/div>\n\t\t\t\t<\/div>\n\t\t\t\t<\/div>\n\t\t\t\t\t<\/div>\n\t\t<\/div>\n\t\t\t\t\t\t\t<\/div>\n\t\t<\/section>\n\t\t\t\t<section class=\"elementor-section elementor-top-section elementor-element elementor-element-1d8fd93a elementor-hidden-desktop elementor-hidden-tablet elementor-section-boxed elementor-section-height-default elementor-section-height-default\" data-id=\"1d8fd93a\" data-element_type=\"section\">\n\t\t\t\t\t\t<div class=\"elementor-container elementor-column-gap-no\">\n\t\t\t\t\t<div class=\"elementor-column elementor-col-100 elementor-top-column elementor-element elementor-element-4cfaf4c9\" data-id=\"4cfaf4c9\" data-element_type=\"column\">\n\t\t\t<div class=\"elementor-widget-wrap elementor-element-populated\">\n\t\t\t\t\t\t\t\t<div class=\"elementor-element elementor-element-14bd4c30 elementor-hidden-desktop elementor-hidden-tablet elementor-widget elementor-widget-image-carousel\" data-id=\"14bd4c30\" data-element_type=\"widget\" data-settings=\"{&quot;slides_to_show&quot;:&quot;1&quot;,&quot;navigation&quot;:&quot;none&quot;,&quot;autoplay_speed&quot;:4000,&quot;autoplay&quot;:&quot;yes&quot;,&quot;pause_on_hover&quot;:&quot;yes&quot;,&quot;pause_on_interaction&quot;:&quot;yes&quot;,&quot;infinite&quot;:&quot;yes&quot;,&quot;effect&quot;:&quot;slide&quot;,&quot;speed&quot;:500}\" data-widget_type=\"image-carousel.default\">\n\t\t\t\t<div class=\"elementor-widget-container\">\n\t\t\t\t\t<div class=\"elementor-image-carousel-wrapper swiper-container\" dir=\"ltr\">\n\t\t\t<div class=\"elementor-image-carousel swiper-wrapper\">\n\t\t\t\t\t\t\t\t<div class=\"swiper-slide\"><figure class=\"swiper-slide-inner\"><img decoding=\"async\" class=\"swiper-slide-image\" src=\"https:\/\/fitness-world.info\/wp-content\/uploads\/2021\/03\/FitnessWorld_Header_360_1.jpg\" alt=\"FitnessWorld_Header_360_1\" \/><\/figure><\/div><div class=\"swiper-slide\"><figure class=\"swiper-slide-inner\"><img decoding=\"async\" class=\"swiper-slide-image\" src=\"https:\/\/fitness-world.info\/wp-content\/uploads\/2021\/03\/FitnessWorld_Header_360_4.jpg\" alt=\"FitnessWorld_Header_360_4\" \/><\/figure><\/div><div class=\"swiper-slide\"><figure class=\"swiper-slide-inner\"><img decoding=\"async\" class=\"swiper-slide-image\" src=\"https:\/\/fitness-world.info\/wp-content\/uploads\/2021\/03\/FitnessWorld_Header_360_2.jpg\" alt=\"FitnessWorld_Header_360_2\" \/><\/figure><\/div><div class=\"swiper-slide\"><figure class=\"swiper-slide-inner\"><img decoding=\"async\" class=\"swiper-slide-image\" src=\"https:\/\/fitness-world.info\/wp-content\/uploads\/2021\/03\/FitnessWorld_Header_360_3.jpg\" alt=\"FitnessWorld_Header_360_3\" \/><\/figure><\/div>\t\t\t<\/div>\n\t\t\t\t\t\t\t\t\t\t\t\t\t\t\t\t<\/div>\n\t\t\t\t<\/div>\n\t\t\t\t<\/div>\n\t\t\t\t\t<\/div>\n\t\t<\/div>\n\t\t\t\t\t\t\t<\/div>\n\t\t<\/section>\n\t\t\t\t<section class=\"elementor-section elementor-top-section elementor-element elementor-element-3e358783 elementor-section-boxed elementor-section-height-default elementor-section-height-default\" data-id=\"3e358783\" data-element_type=\"section\" data-settings=\"{&quot;background_background&quot;:&quot;classic&quot;}\">\n\t\t\t\t\t\t<div class=\"elementor-container elementor-column-gap-default\">\n\t\t\t\t\t<div class=\"elementor-column elementor-col-100 elementor-top-column elementor-element elementor-element-797e3a74\" data-id=\"797e3a74\" data-element_type=\"column\">\n\t\t\t<div class=\"elementor-widget-wrap elementor-element-populated\">\n\t\t\t\t\t\t\t\t<div class=\"elementor-element elementor-element-4199ea3d elementor-widget elementor-widget-heading\" data-id=\"4199ea3d\" data-element_type=\"widget\" data-widget_type=\"heading.default\">\n\t\t\t\t<div class=\"elementor-widget-container\">\n\t\t\t<h3 class=\"elementor-heading-title elementor-size-default\">Innovationen<\/h3>\t\t<\/div>\n\t\t\t\t<\/div>\n\t\t\t\t<div class=\"elementor-element elementor-element-8266295 elementor-widget elementor-widget-heading\" data-id=\"8266295\" data-element_type=\"widget\" data-widget_type=\"heading.default\">\n\t\t\t\t<div class=\"elementor-widget-container\">\n\t\t\t<h3 class=\"elementor-heading-title elementor-size-default\">Unser flexx R\u00fcckenzirkel<\/h3>\t\t<\/div>\n\t\t\t\t<\/div>\n\t\t\t\t<div class=\"elementor-element elementor-element-67ec3297 elementor-widget-divider--view-line elementor-widget elementor-widget-divider\" data-id=\"67ec3297\" data-element_type=\"widget\" data-widget_type=\"divider.default\">\n\t\t\t\t<div class=\"elementor-widget-container\">\n\t\t\t\t\t<div class=\"elementor-divider\">\n\t\t\t<span class=\"elementor-divider-separator\">\n\t\t\t\t\t\t<\/span>\n\t\t<\/div>\n\t\t\t\t<\/div>\n\t\t\t\t<\/div>\n\t\t\t\t<section class=\"elementor-section elementor-inner-section elementor-element elementor-element-9bf5bad elementor-section-boxed elementor-section-height-default elementor-section-height-default\" data-id=\"9bf5bad\" data-element_type=\"section\">\n\t\t\t\t\t\t<div class=\"elementor-container elementor-column-gap-default\">\n\t\t\t\t\t<div class=\"elementor-column elementor-col-100 elementor-inner-column elementor-element elementor-element-9a7289e\" data-id=\"9a7289e\" data-element_type=\"column\">\n\t\t\t<div class=\"elementor-widget-wrap elementor-element-populated\">\n\t\t\t\t\t\t\t\t<div class=\"elementor-element elementor-element-cc77402 elementor-widget elementor-widget-text-editor\" data-id=\"cc77402\" data-element_type=\"widget\" data-widget_type=\"text-editor.default\">\n\t\t\t\t<div class=\"elementor-widget-container\">\n\t\t\t\t\t\t\t<p><strong>Schmerzfreiheit und Beweglichkeit gewinnen (R\u00fcckenschmerzen \u2013 ADE).<br \/><\/strong>Der Flexx Zirkel \u2013 f\u00fcr ein rundum verbessertes K\u00f6rper- und Lebensgef\u00fchl.\u00a0Sprich uns direkt drauf an!<\/p><p><strong>\u00a0<\/strong><\/p>\t\t\t\t\t\t<\/div>\n\t\t\t\t<\/div>\n\t\t\t\t\t<\/div>\n\t\t<\/div>\n\t\t\t\t\t\t\t<\/div>\n\t\t<\/section>\n\t\t\t\t<section class=\"elementor-section elementor-inner-section elementor-element elementor-element-39c3042 elementor-section-boxed elementor-section-height-default elementor-section-height-default\" data-id=\"39c3042\" data-element_type=\"section\">\n\t\t\t\t\t\t<div class=\"elementor-container elementor-column-gap-default\">\n\t\t\t\t\t<div class=\"elementor-column elementor-col-50 elementor-inner-column elementor-element elementor-element-d624927\" data-id=\"d624927\" data-element_type=\"column\">\n\t\t\t<div class=\"elementor-widget-wrap elementor-element-populated\">\n\t\t\t\t\t\t\t\t<div class=\"elementor-element elementor-element-1e1c3a5 elementor-widget elementor-widget-text-editor\" data-id=\"1e1c3a5\" data-element_type=\"widget\" data-widget_type=\"text-editor.default\">\n\t\t\t\t<div class=\"elementor-widget-container\">\n\t\t\t\t\t\t\t<p><b style=\"font-size: 16px;\">Das flexx Ziel:<br \/><\/b><b style=\"font-size: 16px;\"><\/b><span style=\"font-size: 16px;\">Die Behebung der Fehlhaltung mit einfachen \u00dcbungen. Dabei werden die verk\u00fcrzten Muskeln gezielt in die L\u00e4nge trainiert und gest\u00e4rkt. Schon nach wenigen Wochen zeigt das Training Wirkung \u2013 mit zunehmender Beweglichkeit und einem geschmeidigeren K\u00f6rpergef\u00fchl. Der fle-xx Zirkel umfasst 7 Grundger\u00e4te und diverse Zusatz\u00fcbungen jenseits der Ger\u00e4te. Die \u00dcbungen sind so einfach wie effektiv und f\u00fcr jeden auch leicht zu kontrollieren.<\/span><\/p>\t\t\t\t\t\t<\/div>\n\t\t\t\t<\/div>\n\t\t\t\t\t<\/div>\n\t\t<\/div>\n\t\t\t\t<div class=\"elementor-column elementor-col-50 elementor-inner-column elementor-element elementor-element-b27e404\" data-id=\"b27e404\" data-element_type=\"column\">\n\t\t\t<div class=\"elementor-widget-wrap elementor-element-populated\">\n\t\t\t\t\t\t\t\t<div class=\"elementor-element elementor-element-cd8af3e elementor-widget elementor-widget-text-editor\" data-id=\"cd8af3e\" data-element_type=\"widget\" data-widget_type=\"text-editor.default\">\n\t\t\t\t<div class=\"elementor-widget-container\">\n\t\t\t\t\t\t\t<p class=\"bodytext\"><b>Das flexx Ergebnis:\u00a0<br \/><\/b>Bei zunehmendem Wohlbefinden wird die Figur gestrafft und die Durchblutung optimiert, da die \u00dcbungen wie eine Lymphdrainage wirken. So werden auch Bindegewebe und Muskulatur entgiftet. Bei regelm\u00e4\u00dfigen \u00dcbungen verschwinden Schmerzen dauerhaft und die neu gewonnene aufrechte Haltung kann bis ins hohe Alter gewahrt werden.<\/p>\t\t\t\t\t\t<\/div>\n\t\t\t\t<\/div>\n\t\t\t\t\t<\/div>\n\t\t<\/div>\n\t\t\t\t\t\t\t<\/div>\n\t\t<\/section>\n\t\t\t\t<div class=\"elementor-element elementor-element-345113e0 elementor-widget elementor-widget-spacer\" data-id=\"345113e0\" data-element_type=\"widget\" data-widget_type=\"spacer.default\">\n\t\t\t\t<div class=\"elementor-widget-container\">\n\t\t\t\t\t<div class=\"elementor-spacer\">\n\t\t\t<div class=\"elementor-spacer-inner\"><\/div>\n\t\t<\/div>\n\t\t\t\t<\/div>\n\t\t\t\t<\/div>\n\t\t\t\t\t<\/div>\n\t\t<\/div>\n\t\t\t\t\t\t\t<\/div>\n\t\t<\/section>\n\t\t\t\t<section class=\"elementor-section elementor-top-section elementor-element elementor-element-5f070d0 elementor-section-boxed elementor-section-height-default elementor-section-height-default\" data-id=\"5f070d0\" data-element_type=\"section\">\n\t\t\t\t\t\t<div class=\"elementor-container elementor-column-gap-default\">\n\t\t\t\t\t<div class=\"elementor-column elementor-col-100 elementor-top-column elementor-element elementor-element-32f6de8\" data-id=\"32f6de8\" data-element_type=\"column\">\n\t\t\t<div class=\"elementor-widget-wrap elementor-element-populated\">\n\t\t\t\t\t\t\t\t<div class=\"elementor-element elementor-element-5a17563 elementor-aspect-ratio-169 elementor-widget elementor-widget-video\" data-id=\"5a17563\" data-element_type=\"widget\" data-settings=\"{&quot;youtube_url&quot;:&quot;https:\\\/\\\/youtu.be\\\/wwoIuCRgtNg&quot;,&quot;video_type&quot;:&quot;youtube&quot;,&quot;controls&quot;:&quot;yes&quot;,&quot;aspect_ratio&quot;:&quot;169&quot;}\" data-widget_type=\"video.default\">\n\t\t\t\t<div class=\"elementor-widget-container\">\n\t\t\t\t\t<div class=\"elementor-wrapper elementor-fit-aspect-ratio elementor-open-inline\">\n\t\t\t<div class=\"elementor-video\"><\/div>\t\t<\/div>\n\t\t\t\t<\/div>\n\t\t\t\t<\/div>\n\t\t\t\t\t<\/div>\n\t\t<\/div>\n\t\t\t\t\t\t\t<\/div>\n\t\t<\/section>\n\t\t\t\t<section class=\"elementor-section elementor-top-section elementor-element elementor-element-6796632 elementor-section-boxed elementor-section-height-default elementor-section-height-default\" data-id=\"6796632\" data-element_type=\"section\">\n\t\t\t\t\t\t<div class=\"elementor-container elementor-column-gap-default\">\n\t\t\t\t\t<div class=\"elementor-column elementor-col-100 elementor-top-column elementor-element elementor-element-73fd3a5\" data-id=\"73fd3a5\" data-element_type=\"column\">\n\t\t\t<div class=\"elementor-widget-wrap elementor-element-populated\">\n\t\t\t\t\t\t\t\t<div class=\"elementor-element elementor-element-968464d gallery-spacing-custom elementor-widget elementor-widget-image-gallery\" data-id=\"968464d\" data-element_type=\"widget\" data-widget_type=\"image-gallery.default\">\n\t\t\t\t<div class=\"elementor-widget-container\">\n\t\t\t\t\t<div class=\"elementor-image-gallery\">\n\t\t\t<div id='gallery-1' class='gallery galleryid-49 gallery-columns-2 gallery-size-medium_large'><figure class='gallery-item'>\n\t\t\t<div class='gallery-icon landscape'>\n\t\t\t\t<a data-elementor-open-lightbox=\"yes\" data-elementor-lightbox-slideshow=\"968464d\" data-elementor-lightbox-title=\"Flexx-Zirkel\" e-action-hash=\"#elementor-action%3Aaction%3Dlightbox%26settings%3DeyJpZCI6MTA3OCwidXJsIjoiaHR0cHM6XC9cL2ZpdG5lc3Mtd29ybGQuaW5mb1wvd3AtY29udGVudFwvdXBsb2Fkc1wvMjAyMVwvMDJcL0VHTV9GaXRuZXNzX1dvcmxkX0lNR184MzY0LTItc2NhbGVkLmpwZyIsInNsaWRlc2hvdyI6Ijk2ODQ2NGQifQ%3D%3D\" href='https:\/\/fitness-world.info\/wp-content\/uploads\/2021\/02\/EGM_Fitness_World_IMG_8364-2-scaled.jpg'><img loading=\"lazy\" decoding=\"async\" width=\"768\" height=\"513\" src=\"https:\/\/fitness-world.info\/wp-content\/uploads\/2021\/02\/EGM_Fitness_World_IMG_8364-2-768x513.jpg\" class=\"attachment-medium_large size-medium_large\" alt=\"\" srcset=\"https:\/\/fitness-world.info\/wp-content\/uploads\/2021\/02\/EGM_Fitness_World_IMG_8364-2-768x513.jpg 768w, https:\/\/fitness-world.info\/wp-content\/uploads\/2021\/02\/EGM_Fitness_World_IMG_8364-2-scaled-600x401.jpg 600w, https:\/\/fitness-world.info\/wp-content\/uploads\/2021\/02\/EGM_Fitness_World_IMG_8364-2-300x201.jpg 300w, https:\/\/fitness-world.info\/wp-content\/uploads\/2021\/02\/EGM_Fitness_World_IMG_8364-2-1024x684.jpg 1024w, https:\/\/fitness-world.info\/wp-content\/uploads\/2021\/02\/EGM_Fitness_World_IMG_8364-2-1536x1027.jpg 1536w, https:\/\/fitness-world.info\/wp-content\/uploads\/2021\/02\/EGM_Fitness_World_IMG_8364-2-2048x1369.jpg 2048w\" sizes=\"auto, (max-width: 768px) 100vw, 768px\" \/><\/a>\n\t\t\t<\/div><\/figure><figure class='gallery-item'>\n\t\t\t<div class='gallery-icon landscape'>\n\t\t\t\t<a data-elementor-open-lightbox=\"yes\" data-elementor-lightbox-slideshow=\"968464d\" data-elementor-lightbox-title=\"IMG_9415_4-3\" e-action-hash=\"#elementor-action%3Aaction%3Dlightbox%26settings%3DeyJpZCI6MTE1MiwidXJsIjoiaHR0cHM6XC9cL2ZpdG5lc3Mtd29ybGQuaW5mb1wvd3AtY29udGVudFwvdXBsb2Fkc1wvMjAyMVwvMDJcL0lNR185NDE1XzQtMy5qcGciLCJzbGlkZXNob3ciOiI5Njg0NjRkIn0%3D\" href='https:\/\/fitness-world.info\/wp-content\/uploads\/2021\/02\/IMG_9415_4-3.jpg'><img loading=\"lazy\" decoding=\"async\" width=\"640\" height=\"428\" src=\"https:\/\/fitness-world.info\/wp-content\/uploads\/2021\/02\/IMG_9415_4-3.jpg\" class=\"attachment-medium_large size-medium_large\" alt=\"\" srcset=\"https:\/\/fitness-world.info\/wp-content\/uploads\/2021\/02\/IMG_9415_4-3.jpg 640w, https:\/\/fitness-world.info\/wp-content\/uploads\/2021\/02\/IMG_9415_4-3-600x401.jpg 600w, https:\/\/fitness-world.info\/wp-content\/uploads\/2021\/02\/IMG_9415_4-3-300x201.jpg 300w\" sizes=\"auto, (max-width: 640px) 100vw, 640px\" \/><\/a>\n\t\t\t<\/div><\/figure>\n\t\t<\/div>\n\t\t<\/div>\n\t\t\t\t<\/div>\n\t\t\t\t<\/div>\n\t\t\t\t\t<\/div>\n\t\t<\/div>\n\t\t\t\t\t\t\t<\/div>\n\t\t<\/section>\n\t\t\t\t<section class=\"elementor-section elementor-top-section elementor-element elementor-element-8f47acf elementor-section-boxed elementor-section-height-default elementor-section-height-default\" data-id=\"8f47acf\" data-element_type=\"section\">\n\t\t\t\t\t\t<div class=\"elementor-container elementor-column-gap-default\">\n\t\t\t\t\t<div class=\"elementor-column elementor-col-100 elementor-top-column elementor-element elementor-element-35647c7\" data-id=\"35647c7\" data-element_type=\"column\">\n\t\t\t<div class=\"elementor-widget-wrap elementor-element-populated\">\n\t\t\t\t\t\t\t\t<div class=\"elementor-element elementor-element-261a342 elementor-widget elementor-widget-heading\" data-id=\"261a342\" data-element_type=\"widget\" data-widget_type=\"heading.default\">\n\t\t\t\t<div class=\"elementor-widget-container\">\n\t\t\t<h2 class=\"elementor-heading-title elementor-size-default\">Neuer Indoorcyclingraum<\/h2>\t\t<\/div>\n\t\t\t\t<\/div>\n\t\t\t\t<div class=\"elementor-element elementor-element-7c946ad elementor-widget-divider--view-line elementor-widget elementor-widget-divider\" data-id=\"7c946ad\" data-element_type=\"widget\" data-widget_type=\"divider.default\">\n\t\t\t\t<div class=\"elementor-widget-container\">\n\t\t\t\t\t<div class=\"elementor-divider\">\n\t\t\t<span class=\"elementor-divider-separator\">\n\t\t\t\t\t\t<\/span>\n\t\t<\/div>\n\t\t\t\t<\/div>\n\t\t\t\t<\/div>\n\t\t\t\t<div class=\"elementor-element elementor-element-66cd589 elementor-widget elementor-widget-text-editor\" data-id=\"66cd589\" data-element_type=\"widget\" data-widget_type=\"text-editor.default\">\n\t\t\t\t<div class=\"elementor-widget-container\">\n\t\t\t\t\t\t\t<p>Unser Indoorcyclingtraining mit Lichtershow. Lasst euch dieses Ereignis nicht entgehen.<\/p>\t\t\t\t\t\t<\/div>\n\t\t\t\t<\/div>\n\t\t\t\t<div class=\"elementor-element elementor-element-ebd173c gallery-spacing-custom elementor-widget elementor-widget-image-gallery\" data-id=\"ebd173c\" data-element_type=\"widget\" data-widget_type=\"image-gallery.default\">\n\t\t\t\t<div class=\"elementor-widget-container\">\n\t\t\t\t\t<div class=\"elementor-image-gallery\">\n\t\t\t<div id='gallery-2' class='gallery galleryid-49 gallery-columns-2 gallery-size-medium_large'><figure class='gallery-item'>\n\t\t\t<div class='gallery-icon landscape'>\n\t\t\t\t<a data-elementor-open-lightbox=\"yes\" data-elementor-lightbox-slideshow=\"ebd173c\" data-elementor-lightbox-title=\"2018-10-12-20.04.15-768x576_16:9\" e-action-hash=\"#elementor-action%3Aaction%3Dlightbox%26settings%3DeyJpZCI6MTM3NiwidXJsIjoiaHR0cHM6XC9cL2ZpdG5lc3Mtd29ybGQuaW5mb1wvd3AtY29udGVudFwvdXBsb2Fkc1wvMjAyMVwvMDJcLzIwMTgtMTAtMTItMjAuMDQuMTUtNzY4eDU3Nl8xNjkuanBnIiwic2xpZGVzaG93IjoiZWJkMTczYyJ9\" href='https:\/\/fitness-world.info\/wp-content\/uploads\/2021\/02\/2018-10-12-20.04.15-768x576_169.jpg'><img loading=\"lazy\" decoding=\"async\" width=\"768\" height=\"432\" src=\"https:\/\/fitness-world.info\/wp-content\/uploads\/2021\/02\/2018-10-12-20.04.15-768x576_169.jpg\" class=\"attachment-medium_large size-medium_large\" alt=\"\" srcset=\"https:\/\/fitness-world.info\/wp-content\/uploads\/2021\/02\/2018-10-12-20.04.15-768x576_169.jpg 768w, https:\/\/fitness-world.info\/wp-content\/uploads\/2021\/02\/2018-10-12-20.04.15-768x576_169-600x338.jpg 600w, https:\/\/fitness-world.info\/wp-content\/uploads\/2021\/02\/2018-10-12-20.04.15-768x576_169-300x169.jpg 300w\" sizes=\"auto, (max-width: 768px) 100vw, 768px\" \/><\/a>\n\t\t\t<\/div><\/figure><figure class='gallery-item'>\n\t\t\t<div class='gallery-icon landscape'>\n\t\t\t\t<a data-elementor-open-lightbox=\"yes\" data-elementor-lightbox-slideshow=\"ebd173c\" data-elementor-lightbox-title=\"2018-10-12-20.03.49-768x448_16:9\" e-action-hash=\"#elementor-action%3Aaction%3Dlightbox%26settings%3DeyJpZCI6MTM3NywidXJsIjoiaHR0cHM6XC9cL2ZpdG5lc3Mtd29ybGQuaW5mb1wvd3AtY29udGVudFwvdXBsb2Fkc1wvMjAyMVwvMDJcLzIwMTgtMTAtMTItMjAuMDMuNDktNzY4eDQ0OF8xNjkuanBnIiwic2xpZGVzaG93IjoiZWJkMTczYyJ9\" href='https:\/\/fitness-world.info\/wp-content\/uploads\/2021\/02\/2018-10-12-20.03.49-768x448_169.jpg'><img loading=\"lazy\" decoding=\"async\" width=\"738\" height=\"415\" src=\"https:\/\/fitness-world.info\/wp-content\/uploads\/2021\/02\/2018-10-12-20.03.49-768x448_169.jpg\" class=\"attachment-medium_large size-medium_large\" alt=\"\" srcset=\"https:\/\/fitness-world.info\/wp-content\/uploads\/2021\/02\/2018-10-12-20.03.49-768x448_169.jpg 738w, https:\/\/fitness-world.info\/wp-content\/uploads\/2021\/02\/2018-10-12-20.03.49-768x448_169-600x337.jpg 600w, https:\/\/fitness-world.info\/wp-content\/uploads\/2021\/02\/2018-10-12-20.03.49-768x448_169-300x169.jpg 300w\" sizes=\"auto, (max-width: 738px) 100vw, 738px\" \/><\/a>\n\t\t\t<\/div><\/figure>\n\t\t<\/div>\n\t\t<\/div>\n\t\t\t\t<\/div>\n\t\t\t\t<\/div>\n\t\t\t\t<div class=\"elementor-element elementor-element-58d6d3f elementor-widget elementor-widget-spacer\" data-id=\"58d6d3f\" data-element_type=\"widget\" data-widget_type=\"spacer.default\">\n\t\t\t\t<div class=\"elementor-widget-container\">\n\t\t\t\t\t<div class=\"elementor-spacer\">\n\t\t\t<div class=\"elementor-spacer-inner\"><\/div>\n\t\t<\/div>\n\t\t\t\t<\/div>\n\t\t\t\t<\/div>\n\t\t\t\t\t<\/div>\n\t\t<\/div>\n\t\t\t\t\t\t\t<\/div>\n\t\t<\/section>\n\t\t\t\t\t\t\t<\/div>\n\t\t","protected":false},"excerpt":{"rendered":"<p>Innovationen Unser flexx R\u00fcckenzirkel Schmerzfreiheit und Beweglichkeit gewinnen (R\u00fcckenschmerzen \u2013 ADE).Der Flexx Zirkel \u2013 f\u00fcr ein rundum verbessertes K\u00f6rper- und Lebensgef\u00fchl.\u00a0Sprich uns direkt drauf an! \u00a0 Das flexx Ziel:Die Behebung der Fehlhaltung mit einfachen \u00dcbungen. Dabei werden die verk\u00fcrzten Muskeln gezielt in die L\u00e4nge trainiert und gest\u00e4rkt. Schon nach wenigen Wochen zeigt das Training Wirkung [&hellip;]<\/p>\n","protected":false},"author":1,"featured_media":0,"parent":0,"menu_order":0,"comment_status":"closed","ping_status":"closed","template":"","meta":{"footnotes":""},"class_list":["post-49","page","type-page","status-publish","hentry","entry","owp-thumbs-layout-horizontal","owp-btn-normal","owp-tabs-layout-horizontal","has-no-thumbnails","has-product-nav"],"aioseo_notices":[],"_links":{"self":[{"href":"https:\/\/fitness-world.info\/index.php?rest_route=\/wp\/v2\/pages\/49","targetHints":{"allow":["GET"]}}],"collection":[{"href":"https:\/\/fitness-world.info\/index.php?rest_route=\/wp\/v2\/pages"}],"about":[{"href":"https:\/\/fitness-world.info\/index.php?rest_route=\/wp\/v2\/types\/page"}],"author":[{"embeddable":true,"href":"https:\/\/fitness-world.info\/index.php?rest_route=\/wp\/v2\/users\/1"}],"replies":[{"embeddable":true,"href":"https:\/\/fitness-world.info\/index.php?rest_route=%2Fwp%2Fv2%2Fcomments&post=49"}],"version-history":[{"count":62,"href":"https:\/\/fitness-world.info\/index.php?rest_route=\/wp\/v2\/pages\/49\/revisions"}],"predecessor-version":[{"id":1668,"href":"https:\/\/fitness-world.info\/index.php?rest_route=\/wp\/v2\/pages\/49\/revisions\/1668"}],"wp:attachment":[{"href":"https:\/\/fitness-world.info\/index.php?rest_route=%2Fwp%2Fv2%2Fmedia&parent=49"}],"curies":[{"name":"wp","href":"https:\/\/api.w.org\/{rel}","templated":true}]}}