{"id":79,"date":"2021-02-05T10:12:56","date_gmt":"2021-02-05T10:12:56","guid":{"rendered":"https:\/\/duoh.shop\/fitnessworld\/?page_id=79"},"modified":"2024-03-19T19:30:39","modified_gmt":"2024-03-19T19:30:39","slug":"wellness","status":"publish","type":"page","link":"https:\/\/fitness-world.info\/?page_id=79","title":{"rendered":"Wellness"},"content":{"rendered":"<figure><img decoding=\"async\" src=\"https:\/\/fitness-world.info\/wp-content\/uploads\/2021\/02\/DSC00299_22-7-scaled.jpg\" alt=\"Fitness World 2013\"><\/figure>\n<figure><img decoding=\"async\" src=\"https:\/\/fitness-world.info\/wp-content\/uploads\/2021\/02\/FitnessWorld_290314_09_22-7-scaled.jpg\" alt=\"FitnessWorld_290314_09_22-7\"><\/figure>\n<figure><img decoding=\"async\" src=\"https:\/\/fitness-world.info\/wp-content\/uploads\/2021\/02\/FitnessWorld_290314_33_22-7-scaled.jpg\" alt=\"FitnessWorld_290314_33_22-7\"><\/figure>\n<figure><img decoding=\"async\" src=\"https:\/\/fitness-world.info\/wp-content\/uploads\/2021\/02\/FitnessWorld_290314_32_22-7-scaled.jpg\" alt=\"FitnessWorld_290314_32_22-7\"><\/figure>\n<figure><img decoding=\"async\" src=\"https:\/\/fitness-world.info\/wp-content\/uploads\/2021\/03\/FitnessWorld_Header_360_1.jpg\" alt=\"FitnessWorld_Header_360_1\"><\/figure>\n<figure><img decoding=\"async\" src=\"https:\/\/fitness-world.info\/wp-content\/uploads\/2021\/03\/FitnessWorld_Header_360_4.jpg\" alt=\"FitnessWorld_Header_360_4\"><\/figure>\n<figure><img decoding=\"async\" src=\"https:\/\/fitness-world.info\/wp-content\/uploads\/2021\/03\/FitnessWorld_Header_360_2.jpg\" alt=\"FitnessWorld_Header_360_2\"><\/figure>\n<figure><img decoding=\"async\" src=\"https:\/\/fitness-world.info\/wp-content\/uploads\/2021\/03\/FitnessWorld_Header_360_3.jpg\" alt=\"FitnessWorld_Header_360_3\"><\/figure>\n<h3>Wellness<\/h3>\n<h3>Saunabereich<\/h3>\n<p>Wenn Sie den Belastungen des Alltags ein Schnippchen schlagen wollen, dann genie\u00dfen Sie unseren sch\u00f6nen und modernen Wellness- und Saunabereich.<\/p>\n<p>Eine separate Damensauna, eine gemischte Sauna mit Lichttheraphie und ein Dampfbad helfen Ihnen, den Alltag zu vergessen. Unsere zwei Themenruher\u00e4ume: Der Wald der Stille und die afrikanische Ruheoase mit Zugang ins Freie sorgen f\u00fcr tolle Atmosph\u00e4re und Entspannung.<\/p>\n<h2>\u00d6ffnungszeiten der Sauna<\/h2>\n<p>Montag und Freitag 9.00 bis 11.45 Uhr<br \/>\nMontag, Mittwoch und Donnerstag 17.00 bis 21.45 Uhr<\/p>\n<figure><img decoding=\"async\" src=\"https:\/\/fitness-world.info\/wp-content\/uploads\/2021\/02\/0161_Sauna.jpg\" alt=\"0161_Sauna\"><\/figure>\n<figure><img decoding=\"async\" src=\"https:\/\/fitness-world.info\/wp-content\/uploads\/2021\/02\/0172_Saunagang.jpg\" alt=\"0172_Saunagang\"><\/figure>\n<figure><img decoding=\"async\" src=\"https:\/\/fitness-world.info\/wp-content\/uploads\/2021\/02\/DSC00346.jpg\" alt=\"DSC00346\"><\/figure>\n<figure><img decoding=\"async\" src=\"https:\/\/fitness-world.info\/wp-content\/uploads\/2021\/02\/FitnessWorld_290314_24-1-scaled.jpg\" alt=\"FitnessWorld_290314_24\"><\/figure>\n<figure><img decoding=\"async\" src=\"https:\/\/fitness-world.info\/wp-content\/uploads\/2021\/02\/DSC00322-1.jpg\" alt=\"DSC00322\"><\/figure>\n<figure><img decoding=\"async\" src=\"https:\/\/fitness-world.info\/wp-content\/uploads\/2021\/02\/DSC00336.jpg\" alt=\"DSC00336\"><\/figure>\n<p>Zur\u00fcck<br \/>\nWeiter<\/p>\n<h3>Sonnenstudio mit Sonnenclub<\/h3>\n<p>Das Solarium macht nicht nur sch\u00f6n braun, sondern sorgt bei dosierter Anwendung auch f\u00fcr Ihr Wohlbefinden.&nbsp;All unsere Profi-Br\u00e4uner entsprechen den geltenden EG \u2013 Richtlinien.<\/p>\n<p>Einzigartig in N\u00f6rdlingen der Sonnenclub nur bei uns!&nbsp;<br \/>\n<strong>Flatratesonnen zum sa<\/strong><strong>genhaften Preis von ab 6 \u20ac pro Woche Sonnen<\/strong> <strong>so oft man will.<\/strong><\/p>\n<p>Selbstverst\u00e4ndlich ist bei uns auch normaler M\u00fcnzeinwurf oder Aktionskartenkauf m\u00f6glich.Das Sonnenstudio ist gleich neben der Fitness-World, also auch f\u00fcr Nichtmitgliedern des Fitness-Studios zu benutzen.<\/p>\n<p><img decoding=\"async\" width=\"768\" height=\"512\" src=\"https:\/\/fitness-world.info\/wp-content\/uploads\/2021\/02\/0195_Solarium-768x512-1.jpg\" alt=\"\" loading=\"lazy\" srcset=\"https:\/\/fitness-world.info\/wp-content\/uploads\/2021\/02\/0195_Solarium-768x512-1.jpg 768w, https:\/\/fitness-world.info\/wp-content\/uploads\/2021\/02\/0195_Solarium-768x512-1-600x400.jpg 600w, https:\/\/fitness-world.info\/wp-content\/uploads\/2021\/02\/0195_Solarium-768x512-1-300x200.jpg 300w\" sizes=\"auto, (max-width: 768px) 100vw, 768px\"><\/p>\n","protected":false},"excerpt":{"rendered":"<p>Wellness Saunabereich Wenn Sie den Belastungen des Alltags ein Schnippchen schlagen wollen, dann genie\u00dfen Sie unseren sch\u00f6nen und modernen Wellness- und Saunabereich. Eine separate Damensauna, eine gemischte Sauna mit Lichttheraphie und ein Dampfbad helfen Ihnen, den Alltag zu vergessen. Unsere zwei Themenruher\u00e4ume: Der Wald der Stille und die afrikanische Ruheoase mit Zugang ins Freie sorgen [&hellip;]<\/p>\n","protected":false},"author":1,"featured_media":0,"parent":0,"menu_order":0,"comment_status":"closed","ping_status":"closed","template":"","meta":{"footnotes":""},"class_list":["post-79","page","type-page","status-publish","hentry","entry","owp-thumbs-layout-horizontal","owp-btn-normal","owp-tabs-layout-horizontal","has-no-thumbnails","has-product-nav"],"aioseo_notices":[],"_links":{"self":[{"href":"https:\/\/fitness-world.info\/index.php?rest_route=\/wp\/v2\/pages\/79","targetHints":{"allow":["GET"]}}],"collection":[{"href":"https:\/\/fitness-world.info\/index.php?rest_route=\/wp\/v2\/pages"}],"about":[{"href":"https:\/\/fitness-world.info\/index.php?rest_route=\/wp\/v2\/types\/page"}],"author":[{"embeddable":true,"href":"https:\/\/fitness-world.info\/index.php?rest_route=\/wp\/v2\/users\/1"}],"replies":[{"embeddable":true,"href":"https:\/\/fitness-world.info\/index.php?rest_route=%2Fwp%2Fv2%2Fcomments&post=79"}],"version-history":[{"count":119,"href":"https:\/\/fitness-world.info\/index.php?rest_route=\/wp\/v2\/pages\/79\/revisions"}],"predecessor-version":[{"id":1833,"href":"https:\/\/fitness-world.info\/index.php?rest_route=\/wp\/v2\/pages\/79\/revisions\/1833"}],"wp:attachment":[{"href":"https:\/\/fitness-world.info\/index.php?rest_route=%2Fwp%2Fv2%2Fmedia&parent=79"}],"curies":[{"name":"wp","href":"https:\/\/api.w.org\/{rel}","templated":true}]}}